{"id":45,"date":"2014-10-24T17:01:02","date_gmt":"2014-10-24T16:01:02","guid":{"rendered":"http:\/\/relais.argoualch.fr\/?page_id=45"},"modified":"2014-11-02T16:09:47","modified_gmt":"2014-11-02T15:09:47","slug":"en-mode-projets","status":"publish","type":"page","link":"https:\/\/relais.argoualch.fr\/?page_id=45","title":{"rendered":"En mode projets"},"content":{"rendered":"<p>Proposer aux \u00e9l\u00e8ves des situations ancr\u00e9es dans le r\u00e9el.<\/p>\n<p>Faire pour de vrai<\/p>\n<p>&nbsp;<\/p>\n<p>\u00ab\u00a0<em>Les conditions de toute connaissance pertinente sont la contextualisation, la globalisation<\/em>.\u00a0\u00bb<\/p>\n<p>Edgar MORIN Enseigner \u00e0 vivre<\/p>\n<p>&nbsp;<\/p>\n","protected":false},"excerpt":{"rendered":"<p>Proposer aux \u00e9l\u00e8ves des situations ancr\u00e9es dans le r\u00e9el. Faire pour de vrai &nbsp; \u00ab\u00a0Les conditions de toute connaissance pertinente sont la contextualisation, la globalisation.\u00a0\u00bb Edgar MORIN Enseigner \u00e0 vivre &nbsp;<\/p>\n","protected":false},"author":1,"featured_media":0,"parent":0,"menu_order":0,"comment_status":"open","ping_status":"open","template":"","meta":{"footnotes":""},"_links":{"self":[{"href":"https:\/\/relais.argoualch.fr\/index.php?rest_route=\/wp\/v2\/pages\/45"}],"collection":[{"href":"https:\/\/relais.argoualch.fr\/index.php?rest_route=\/wp\/v2\/pages"}],"about":[{"href":"https:\/\/relais.argoualch.fr\/index.php?rest_route=\/wp\/v2\/types\/page"}],"author":[{"embeddable":true,"href":"https:\/\/relais.argoualch.fr\/index.php?rest_route=\/wp\/v2\/users\/1"}],"replies":[{"embeddable":true,"href":"https:\/\/relais.argoualch.fr\/index.php?rest_route=%2Fwp%2Fv2%2Fcomments&post=45"}],"version-history":[{"count":5,"href":"https:\/\/relais.argoualch.fr\/index.php?rest_route=\/wp\/v2\/pages\/45\/revisions"}],"predecessor-version":[{"id":145,"href":"https:\/\/relais.argoualch.fr\/index.php?rest_route=\/wp\/v2\/pages\/45\/revisions\/145"}],"wp:attachment":[{"href":"https:\/\/relais.argoualch.fr\/index.php?rest_route=%2Fwp%2Fv2%2Fmedia&parent=45"}],"curies":[{"name":"wp","href":"https:\/\/api.w.org\/{rel}","templated":true}]}}