{"id":109,"date":"2014-11-01T19:19:20","date_gmt":"2014-11-01T18:19:20","guid":{"rendered":"http:\/\/relais.argoualch.fr\/?page_id=109"},"modified":"2019-05-25T17:25:17","modified_gmt":"2019-05-25T16:25:17","slug":"mes-lectures","status":"publish","type":"page","link":"https:\/\/relais.argoualch.fr\/?page_id=109","title":{"rendered":"Mes lectures"},"content":{"rendered":"<p>\u00ab\u00a0le Tsunami num\u00e9rique\u00a0\u00bb Emmanuel Davidenkoff<\/p>\n<p>\u00ab\u00a0Pour des \u00e9l\u00e8ves heureux en travaillant\u00a0\u00bb Andr\u00e9 Antibi<\/p>\n<p>\u00ab\u00a0Enseigner \u00e0 vivre\u00a0\u00bb Edgar Morin<\/p>\n<p>\u00ab\u00a0La m\u00e9dicalisation de l&rsquo;\u00e9chec scolaire\u00a0\u00bb Stanislas Morel<\/p>\n<p>\u00ab\u00a0Les in\u00e9galit\u00e9s scolaires\u00a0\u00bb Georges Felouzis<\/p>\n<p>\u00ab\u00a0Fab Lab\u00a0\u00bb Fabien Eychenne<\/p>\n<p>\u00ab\u00a0Apprendre \u00e0 apprendre\u00a0\u00bb Jean-Michel Zarkhartchouk<\/p>\n<p>\u00ab\u00a0Le robot, meilleur ami de l&rsquo;homme ?\u00a0\u00bb Rodolphe Gelin<\/p>\n<p>\u00ab\u00a0Le gaucher boiteux\u00a0\u00bb Michel Serres<\/p>\n<p>\u00ab\u00a0Les chiffres ? M\u00eame pas peur\u00a0\u00bb Stella Baruk<\/p>\n<p>\u00ab\u00a0Les carnets d&rsquo;Esther\u00a0\u00bb t1, t2 Riad Sattouf<\/p>\n<p>\u00ab\u00a0La vie a plus d&rsquo;imagination que toi\u00a0\u00bb Najat Vallaud-Belkacem<\/p>\n<p>\u00ab\u00a0L&rsquo;\u00e9l\u00e8ve au coeur de sa r\u00e9ussite\u00a0\u00bb Marie-H\u00e9l\u00e8ne Fasquel<\/p>\n<p>\u00ab\u00a0C&rsquo;\u00e9tait mieux avant\u00a0\u00bb Michel Serres<\/p>\n<p>\u00ab\u00a0Enseigner sans exclure\u00a0\u00bb Sylvain Connac<\/p>\n<p>\u00ab\u00a0Les transformations silencieuses\u00a0\u00bb Fran\u00e7ois Jullien<\/p>\n<p>\u00ab\u00a0La Riposte\u00a0\u00bb Philippe Meirieu<\/p>\n<p>\u00ab\u00a0Rappeler les enfants\u00a0\u00bb Alexis Potschke<\/p>\n","protected":false},"excerpt":{"rendered":"<p>\u00ab\u00a0le Tsunami num\u00e9rique\u00a0\u00bb Emmanuel Davidenkoff \u00ab\u00a0Pour des \u00e9l\u00e8ves heureux en travaillant\u00a0\u00bb Andr\u00e9 Antibi \u00ab\u00a0Enseigner \u00e0 vivre\u00a0\u00bb Edgar Morin \u00ab\u00a0La m\u00e9dicalisation de l&rsquo;\u00e9chec scolaire\u00a0\u00bb Stanislas Morel \u00ab\u00a0Les in\u00e9galit\u00e9s scolaires\u00a0\u00bb Georges Felouzis \u00ab\u00a0Fab Lab\u00a0\u00bb Fabien Eychenne \u00ab\u00a0Apprendre \u00e0 apprendre\u00a0\u00bb Jean-Michel Zarkhartchouk \u00ab\u00a0Le robot, meilleur ami de l&rsquo;homme ?\u00a0\u00bb Rodolphe Gelin \u00ab\u00a0Le gaucher boiteux\u00a0\u00bb Michel Serres \u00ab\u00a0Les chiffres<a class=\"rmore\" href=\"https:\/\/relais.argoualch.fr\/?page_id=109\">&nbsp;&nbsp; Lire la suite &#8230;<\/a><\/p>\n","protected":false},"author":1,"featured_media":0,"parent":0,"menu_order":0,"comment_status":"open","ping_status":"open","template":"","meta":{"footnotes":""},"_links":{"self":[{"href":"https:\/\/relais.argoualch.fr\/index.php?rest_route=\/wp\/v2\/pages\/109"}],"collection":[{"href":"https:\/\/relais.argoualch.fr\/index.php?rest_route=\/wp\/v2\/pages"}],"about":[{"href":"https:\/\/relais.argoualch.fr\/index.php?rest_route=\/wp\/v2\/types\/page"}],"author":[{"embeddable":true,"href":"https:\/\/relais.argoualch.fr\/index.php?rest_route=\/wp\/v2\/users\/1"}],"replies":[{"embeddable":true,"href":"https:\/\/relais.argoualch.fr\/index.php?rest_route=%2Fwp%2Fv2%2Fcomments&post=109"}],"version-history":[{"count":10,"href":"https:\/\/relais.argoualch.fr\/index.php?rest_route=\/wp\/v2\/pages\/109\/revisions"}],"predecessor-version":[{"id":422,"href":"https:\/\/relais.argoualch.fr\/index.php?rest_route=\/wp\/v2\/pages\/109\/revisions\/422"}],"wp:attachment":[{"href":"https:\/\/relais.argoualch.fr\/index.php?rest_route=%2Fwp%2Fv2%2Fmedia&parent=109"}],"curies":[{"name":"wp","href":"https:\/\/api.w.org\/{rel}","templated":true}]}}